{"id":799,"date":"2025-07-11T05:04:01","date_gmt":"2025-07-11T05:04:01","guid":{"rendered":"https:\/\/mexicovolcanoes.com\/?post_type=product&#038;p=799"},"modified":"2025-10-09T23:20:50","modified_gmt":"2025-10-09T23:20:50","slug":"buff-edicion-limitada","status":"publish","type":"product","link":"https:\/\/mexicovolcanoes.com\/en\/product\/buff-edicion-limitada\/","title":{"rendered":"Buff\u00ae Edici\u00f3n Limitada"},"content":{"rendered":"<p>Buff\u00ae Original Ecostretch con impresi\u00f3n de las 5 monta\u00f1as m\u00e1s altas de M\u00e9xico.<\/p>","protected":false},"excerpt":{"rendered":"<p>Buff\u00ae Original Ecostretch con impresi\u00f3n de las 5 monta\u00f1as m\u00e1s altas de M\u00e9xico.<\/p>","protected":false},"featured_media":800,"template":"","meta":[],"product_brand":[],"product_cat":[31],"product_tag":[32],"class_list":{"0":"post-799","1":"product","2":"type-product","3":"status-publish","4":"has-post-thumbnail","6":"product_cat-accesorios","7":"product_tag-accesorios","9":"first","10":"instock","11":"shipping-taxable","12":"purchasable","13":"product-type-simple"},"_links":{"self":[{"href":"https:\/\/mexicovolcanoes.com\/en\/wp-json\/wp\/v2\/product\/799","targetHints":{"allow":["GET"]}}],"collection":[{"href":"https:\/\/mexicovolcanoes.com\/en\/wp-json\/wp\/v2\/product"}],"about":[{"href":"https:\/\/mexicovolcanoes.com\/en\/wp-json\/wp\/v2\/types\/product"}],"wp:featuredmedia":[{"embeddable":true,"href":"https:\/\/mexicovolcanoes.com\/en\/wp-json\/wp\/v2\/media\/800"}],"wp:attachment":[{"href":"https:\/\/mexicovolcanoes.com\/en\/wp-json\/wp\/v2\/media?parent=799"}],"wp:term":[{"taxonomy":"product_brand","embeddable":true,"href":"https:\/\/mexicovolcanoes.com\/en\/wp-json\/wp\/v2\/product_brand?post=799"},{"taxonomy":"product_cat","embeddable":true,"href":"https:\/\/mexicovolcanoes.com\/en\/wp-json\/wp\/v2\/product_cat?post=799"},{"taxonomy":"product_tag","embeddable":true,"href":"https:\/\/mexicovolcanoes.com\/en\/wp-json\/wp\/v2\/product_tag?post=799"}],"curies":[{"name":"wp","href":"https:\/\/api.w.org\/{rel}","templated":true}]}}