{"id":736,"date":"2025-04-24T01:45:00","date_gmt":"2025-04-24T01:45:00","guid":{"rendered":"https:\/\/mexicovolcanoes.com\/?post_type=product&#038;p=736"},"modified":"2025-10-10T00:47:33","modified_gmt":"2025-10-10T00:47:33","slug":"nalgene-edicion-limitada","status":"publish","type":"product","link":"https:\/\/mexicovolcanoes.com\/en\/product\/nalgene-edicion-limitada\/","title":{"rendered":"Nalgene\u00ae Edici\u00f3n Limitada"},"content":{"rendered":"<p class=\"body\" dir=\"auto\">Esta botella de agua es ideal para llevar contigo cuando disfrutas de la naturaleza al aire libre. Est\u00e1 dise\u00f1ada para resistir, no se romper\u00e1 ni se da\u00f1ar\u00e1 f\u00e1cilmente. Hecha de materiales de alta calidad, es segura para su uso y no contamina el agua que contiene. Con su dise\u00f1o ergon\u00f3mico y f\u00e1cil de transportar, puedes llevarla contigo mientras caminas, haces senderismo o cualquier otra actividad al aire libre, incluso en la oficina.<\/p>\n<p class=\"body\" dir=\"auto\">Libre de BPA 1 litro. Boca ancha.<\/p>\n<p class=\"body\" dir=\"auto\">3 colores.<\/p>","protected":false},"excerpt":{"rendered":"<p>Botella de agua <strong>Nalgene\u00ae Edici\u00f3n Limitada\u00a0<\/strong><\/p>","protected":false},"featured_media":737,"template":"","meta":[],"product_brand":[],"product_cat":[31],"product_tag":[32],"class_list":{"0":"post-736","1":"product","2":"type-product","3":"status-publish","4":"has-post-thumbnail","6":"product_cat-accesorios","7":"product_tag-accesorios","9":"first","10":"instock","11":"shipping-taxable","12":"purchasable","13":"product-type-variable"},"_links":{"self":[{"href":"https:\/\/mexicovolcanoes.com\/en\/wp-json\/wp\/v2\/product\/736","targetHints":{"allow":["GET"]}}],"collection":[{"href":"https:\/\/mexicovolcanoes.com\/en\/wp-json\/wp\/v2\/product"}],"about":[{"href":"https:\/\/mexicovolcanoes.com\/en\/wp-json\/wp\/v2\/types\/product"}],"wp:featuredmedia":[{"embeddable":true,"href":"https:\/\/mexicovolcanoes.com\/en\/wp-json\/wp\/v2\/media\/737"}],"wp:attachment":[{"href":"https:\/\/mexicovolcanoes.com\/en\/wp-json\/wp\/v2\/media?parent=736"}],"wp:term":[{"taxonomy":"product_brand","embeddable":true,"href":"https:\/\/mexicovolcanoes.com\/en\/wp-json\/wp\/v2\/product_brand?post=736"},{"taxonomy":"product_cat","embeddable":true,"href":"https:\/\/mexicovolcanoes.com\/en\/wp-json\/wp\/v2\/product_cat?post=736"},{"taxonomy":"product_tag","embeddable":true,"href":"https:\/\/mexicovolcanoes.com\/en\/wp-json\/wp\/v2\/product_tag?post=736"}],"curies":[{"name":"wp","href":"https:\/\/api.w.org\/{rel}","templated":true}]}}