{"id":775,"date":"2025-06-08T18:10:13","date_gmt":"2025-06-08T18:10:13","guid":{"rendered":"https:\/\/mexicovolcanoes.com\/?page_id=775"},"modified":"2025-11-30T20:46:15","modified_gmt":"2025-12-01T02:46:15","slug":"calendar","status":"publish","type":"page","link":"https:\/\/mexicovolcanoes.com\/en\/calendar\/","title":{"rendered":"Schedule"},"content":{"rendered":"<div class=\"nmj-expedition-grid\"><div class=\"wp-block-group expedition-card has-neutra-font-family\" style=\"border-radius:10px;padding-top:20px;padding-right:20px;padding-bottom:20px;padding-left:20px\">\n  <div class=\"wp-block-group expedition-image-tags\">\n   \t<img decoding=\"async\" src=\"https:\/\/mexicovolcanoes.com\/wp-content\/uploads\/2025\/08\/ILLAMPU-_-ANCOHUMAjpg.jpg\" alt=\"WILD BOLIVIA\" class=\"expedition-thumb\" \/>\n        <div class=\"wp-block-group expedition-tags\">\n      <div class=\"wp-block-group\">\n                <div class=\"wp-block-group has-white-color has-theme-1-background-color has-text-color has-background has-link-color\" style=\"padding:20px 10px;font-size:1rem\">  \n          <p>14 days<\/p>\n        <\/div>\n                              <\/div>\n    <\/div>\n      <\/div>\n  <div class=\"wp-block-group\">\n    <h3 style=\"line-height:1.5;font-weight:400;font-style:normal;font-size:1.3rem;\">\n      WILD BOLIVIA    <\/h3>\n    <p class=\"expedition-description\">Ancohuma e Illampu, dos impresionantes picos en Bolivia, son el destino perfecto para una expedici\u00f3n.<\/p>\n\t    <div class=\"expedition-next-date\">\n      <strong>Next date:<\/strong>\n      26 April 2026    <\/div>\n\t\t  <a href=\"https:\/\/mexicovolcanoes.com\/en\/expeditions\/wild-bolivia\/\" class=\"expedition-button\" style=\"color: var(--wp--preset--color--theme-1); font-weight: bold; display: inline-block; margin-top: 10px;\">See trip \u2192<\/a>\n  <\/div>\n<\/div>\n<div class=\"wp-block-group expedition-card has-neutra-font-family\" style=\"border-radius:10px;padding-top:20px;padding-right:20px;padding-bottom:20px;padding-left:20px\">\n  <div class=\"wp-block-group expedition-image-tags\">\n   \t<img decoding=\"async\" src=\"https:\/\/mexicovolcanoes.com\/wp-content\/uploads\/2025\/11\/IMG_2328-756x1024.jpg\" alt=\"ALPAMAYO\" class=\"expedition-thumb\" \/>\n        <div class=\"wp-block-group expedition-tags\">\n      <div class=\"wp-block-group\">\n                <div class=\"wp-block-group has-white-color has-theme-1-background-color has-text-color has-background has-link-color\" style=\"padding:20px 10px;font-size:1rem\">  \n          <p>14 days<\/p>\n        <\/div>\n                              <\/div>\n    <\/div>\n      <\/div>\n  <div class=\"wp-block-group\">\n    <h3 style=\"line-height:1.5;font-weight:400;font-style:normal;font-size:1.3rem;\">\n      ALPAMAYO    <\/h3>\n    <p class=\"expedition-description\">Prep\u00e1rate para una experiencia inolvidable, donde la majestuosidad de los Andes te dejar\u00e1 sin aliento.<\/p>\n\t    <div class=\"expedition-next-date\">\n      <strong>Next date:<\/strong>\n      6 June 2026    <\/div>\n\t\t  <a href=\"https:\/\/mexicovolcanoes.com\/en\/expeditions\/peru-yanapaccha-chopicalqui\/\" class=\"expedition-button\" style=\"color: var(--wp--preset--color--theme-1); font-weight: bold; display: inline-block; margin-top: 10px;\">See trip \u2192<\/a>\n  <\/div>\n<\/div>\n<div class=\"wp-block-group expedition-card has-neutra-font-family\" style=\"border-radius:10px;padding-top:20px;padding-right:20px;padding-bottom:20px;padding-left:20px\">\n  <div class=\"wp-block-group expedition-image-tags\">\n   \t<img decoding=\"async\" src=\"https:\/\/mexicovolcanoes.com\/wp-content\/uploads\/2025\/11\/GOPR0967-832x1024.jpg\" alt=\"PER\u00da; CORDILLERA BLANCA\" class=\"expedition-thumb\" \/>\n        <div class=\"wp-block-group expedition-tags\">\n      <div class=\"wp-block-group\">\n                <div class=\"wp-block-group has-white-color has-theme-1-background-color has-text-color has-background has-link-color\" style=\"padding:20px 10px;font-size:1rem\">  \n          <p>12 days<\/p>\n        <\/div>\n                              <\/div>\n    <\/div>\n      <\/div>\n  <div class=\"wp-block-group\">\n    <h3 style=\"line-height:1.5;font-weight:400;font-style:normal;font-size:1.3rem;\">\n      PER\u00da; CORDILLERA BLANCA    <\/h3>\n    <p class=\"expedition-description\">La Cordillera Blanca ubicada al norte de Per\u00fa. Con una imponente geograf\u00eda y asombrosos picos que se elevan a m\u00e1s de 6,000 metros<\/p>\n\t    <div class=\"expedition-next-date\">\n      <strong>Next date:<\/strong>\n      20 June 2026    <\/div>\n\t\t  <a href=\"https:\/\/mexicovolcanoes.com\/en\/expeditions\/cordillera-blanca\/\" class=\"expedition-button\" style=\"color: var(--wp--preset--color--theme-1); font-weight: bold; display: inline-block; margin-top: 10px;\">See trip \u2192<\/a>\n  <\/div>\n<\/div>\n<div class=\"wp-block-group expedition-card has-neutra-font-family\" style=\"border-radius:10px;padding-top:20px;padding-right:20px;padding-bottom:20px;padding-left:20px\">\n  <div class=\"wp-block-group expedition-image-tags\">\n   \t<img decoding=\"async\" src=\"https:\/\/mexicovolcanoes.com\/wp-content\/uploads\/2025\/11\/003e8e7a-8a47-479f-aa6a-e6135e21b15a-1-879x1024.jpg\" alt=\"PICO LENIN\" class=\"expedition-thumb\" \/>\n        <div class=\"wp-block-group expedition-tags\">\n      <div class=\"wp-block-group\">\n                <div class=\"wp-block-group has-white-color has-theme-1-background-color has-text-color has-background has-link-color\" style=\"padding:20px 10px;font-size:1rem\">  \n          <p>22 days<\/p>\n        <\/div>\n                              <\/div>\n    <\/div>\n      <\/div>\n  <div class=\"wp-block-group\">\n    <h3 style=\"line-height:1.5;font-weight:400;font-style:normal;font-size:1.3rem;\">\n      LENIN PEAK    <\/h3>\n    <p class=\"expedition-description\">Pico Lenin, con 7.134 metros, es la cumbre m\u00e1s alta de la cordillera Trans-Alai en las monta\u00f1as del Pamir.<\/p>\n\t    <div class=\"expedition-next-date\">\n      <strong>Next date:<\/strong>\n      18 July 2026    <\/div>\n\t\t  <a href=\"https:\/\/mexicovolcanoes.com\/en\/expeditions\/expedicion-pico-lenin\/\" class=\"expedition-button\" style=\"color: var(--wp--preset--color--theme-1); font-weight: bold; display: inline-block; margin-top: 10px;\">See trip \u2192<\/a>\n  <\/div>\n<\/div>\n<div class=\"wp-block-group expedition-card has-neutra-font-family\" style=\"border-radius:10px;padding-top:20px;padding-right:20px;padding-bottom:20px;padding-left:20px\">\n  <div class=\"wp-block-group expedition-image-tags\">\n   \t<img decoding=\"async\" src=\"https:\/\/mexicovolcanoes.com\/wp-content\/uploads\/2025\/08\/Full-picojpg.jpg\" alt=\"FULL PICO\" class=\"expedition-thumb\" \/>\n        <div class=\"wp-block-group expedition-tags\">\n      <div class=\"wp-block-group\">\n                <div class=\"wp-block-group has-white-color has-theme-1-background-color has-text-color has-background has-link-color\" style=\"padding:20px 10px;font-size:1rem\">  \n          <p>3 days<\/p>\n        <\/div>\n                                <div class=\"wp-block-group has-border-color has-theme-1-color has-white-background-color has-text-color has-background has-link-color\" style=\"border-color:#ffffff;padding:20px 10px;font-size:1.2rem\">\n          <p><span class=\"woocommerce-Price-amount amount\"><span class=\"woocommerce-Price-currencySymbol\">&#036;<\/span>10,900<\/span><\/p>  \n        <\/div>\n              <\/div>\n    <\/div>\n      <\/div>\n  <div class=\"wp-block-group\">\n    <h3 style=\"line-height:1.5;font-weight:400;font-style:normal;font-size:1.3rem;\">\n      FULL PICO    <\/h3>\n    <p class=\"expedition-description\">Escalada al Pico de Orizaba con duraci\u00f3n de 3 d\u00edas y vistas incre\u00edbles.<\/p>\n\t    <div class=\"expedition-next-date\">\n      <strong>Next date:<\/strong>\n      4 September 2026    <\/div>\n\t\t  <a href=\"https:\/\/mexicovolcanoes.com\/en\/expeditions\/full-pico\/\" class=\"expedition-button\" style=\"color: var(--wp--preset--color--theme-1); font-weight: bold; display: inline-block; margin-top: 10px;\">See trip \u2192<\/a>\n  <\/div>\n<\/div>\n<div class=\"wp-block-group expedition-card has-neutra-font-family\" style=\"border-radius:10px;padding-top:20px;padding-right:20px;padding-bottom:20px;padding-left:20px\">\n  <div class=\"wp-block-group expedition-image-tags\">\n   \t<img decoding=\"async\" src=\"https:\/\/mexicovolcanoes.com\/wp-content\/uploads\/2025\/08\/IMG_2993-1024x689.jpg\" alt=\"VOLCANES DE ECUADOR\" class=\"expedition-thumb\" \/>\n        <div class=\"wp-block-group expedition-tags\">\n      <div class=\"wp-block-group\">\n                <div class=\"wp-block-group has-white-color has-theme-1-background-color has-text-color has-background has-link-color\" style=\"padding:20px 10px;font-size:1rem\">  \n          <p>10 days<\/p>\n        <\/div>\n                              <\/div>\n    <\/div>\n      <\/div>\n  <div class=\"wp-block-group\">\n    <h3 style=\"line-height:1.5;font-weight:400;font-style:normal;font-size:1.3rem;\">\n      ECUADOR VOLCANOES    <\/h3>\n    <p class=\"expedition-description\">Prep\u00e1rate para desafiar tus habilidades f\u00edsicas y mentales mientras te sumerges en una aventura inolvidable en Ecuador.<\/p>\n\t    <div class=\"expedition-next-date\">\n      <strong>Next date:<\/strong>\n      30 October 2026    <\/div>\n\t\t  <a href=\"https:\/\/mexicovolcanoes.com\/en\/expeditions\/volcanes-de-ecuador\/\" class=\"expedition-button\" style=\"color: var(--wp--preset--color--theme-1); font-weight: bold; display: inline-block; margin-top: 10px;\">See trip \u2192<\/a>\n  <\/div>\n<\/div>\n<\/div><nav class=\"nmj-pagination\" role=\"navigation\" aria-label=\"Expeditions pagination\"><ul class=\"nmj-pagination-list\"><li class=\"nmj-page-item is-current\"><span aria-current=\"page\" class=\"page-numbers current\">1<\/span><\/li><li class=\"nmj-page-item\"><a class=\"page-numbers\" href=\"https:\/\/mexicovolcanoes.com\/en\/wp-json\/wp\/v2\/pages\/775\/page\/2\/\">2<\/a><\/li><li class=\"nmj-page-item\"><a class=\"next page-numbers\" href=\"https:\/\/mexicovolcanoes.com\/en\/wp-json\/wp\/v2\/pages\/775\/page\/2\/\">Next \u00bb<\/a><\/li><\/ul><\/nav>","protected":false},"excerpt":{"rendered":"","protected":false},"author":2,"featured_media":1430,"parent":0,"menu_order":0,"comment_status":"closed","ping_status":"closed","template":"","meta":{"footnotes":""},"class_list":["post-775","page","type-page","status-publish","has-post-thumbnail","hentry"],"_hostinger_reach_plugin_has_subscription_block":false,"_hostinger_reach_plugin_is_elementor":false,"_links":{"self":[{"href":"https:\/\/mexicovolcanoes.com\/en\/wp-json\/wp\/v2\/pages\/775","targetHints":{"allow":["GET"]}}],"collection":[{"href":"https:\/\/mexicovolcanoes.com\/en\/wp-json\/wp\/v2\/pages"}],"about":[{"href":"https:\/\/mexicovolcanoes.com\/en\/wp-json\/wp\/v2\/types\/page"}],"author":[{"embeddable":true,"href":"https:\/\/mexicovolcanoes.com\/en\/wp-json\/wp\/v2\/users\/2"}],"replies":[{"embeddable":true,"href":"https:\/\/mexicovolcanoes.com\/en\/wp-json\/wp\/v2\/comments?post=775"}],"version-history":[{"count":2,"href":"https:\/\/mexicovolcanoes.com\/en\/wp-json\/wp\/v2\/pages\/775\/revisions"}],"predecessor-version":[{"id":995,"href":"https:\/\/mexicovolcanoes.com\/en\/wp-json\/wp\/v2\/pages\/775\/revisions\/995"}],"wp:featuredmedia":[{"embeddable":true,"href":"https:\/\/mexicovolcanoes.com\/en\/wp-json\/wp\/v2\/media\/1430"}],"wp:attachment":[{"href":"https:\/\/mexicovolcanoes.com\/en\/wp-json\/wp\/v2\/media?parent=775"}],"curies":[{"name":"wp","href":"https:\/\/api.w.org\/{rel}","templated":true}]}}