{"id":1059,"date":"2025-08-27T17:54:03","date_gmt":"2025-08-27T17:54:03","guid":{"rendered":"https:\/\/mexicovolcanoes.com\/?page_id=1059"},"modified":"2025-09-21T23:12:54","modified_gmt":"2025-09-21T23:12:54","slug":"viajes-personalizados","status":"publish","type":"page","link":"https:\/\/mexicovolcanoes.com\/en\/viajes-personalizados\/","title":{"rendered":"Customized trips"},"content":{"rendered":"<div class=\"wp-block-columns has-neutra-font-family is-layout-flex wp-container-core-columns-is-layout-ec2e7a44 wp-block-columns-is-layout-flex\" style=\"padding-top:0;padding-bottom:0\">\n<div class=\"wp-block-column is-vertically-aligned-center is-content-justification-center is-layout-constrained wp-container-core-column-is-layout-11de93f3 wp-block-column-is-layout-constrained\" style=\"padding-right:var(--wp--preset--spacing--50);padding-left:var(--wp--preset--spacing--50)\">\n<figure class=\"wp-block-image aligncenter size-full is-resized\"><img decoding=\"async\" width=\"750\" height=\"780\" src=\"https:\/\/mexicovolcanoes.com\/wp-content\/uploads\/2025\/08\/8_4.3-m6L85qrGvQHoPqog.jpg\" alt=\"\" class=\"wp-image-1060\" style=\"object-fit:cover;width:350px;height:350px\" srcset=\"https:\/\/mexicovolcanoes.com\/wp-content\/uploads\/2025\/08\/8_4.3-m6L85qrGvQHoPqog.jpg 750w, https:\/\/mexicovolcanoes.com\/wp-content\/uploads\/2025\/08\/8_4.3-m6L85qrGvQHoPqog-600x624.jpg 600w, https:\/\/mexicovolcanoes.com\/wp-content\/uploads\/2025\/08\/8_4.3-m6L85qrGvQHoPqog-288x300.jpg 288w, https:\/\/mexicovolcanoes.com\/wp-content\/uploads\/2025\/08\/8_4.3-m6L85qrGvQHoPqog-12x12.jpg 12w\" sizes=\"(max-width: 750px) 100vw, 750px\" \/><\/figure>\n<\/div>\n\n\n\n<div class=\"wp-block-column is-layout-flow wp-block-column-is-layout-flow\">\n<p style=\"margin-top:var(--wp--preset--spacing--60);margin-bottom:var(--wp--preset--spacing--60)\"><strong>We specialize in creating personalized trips tailored to both families and businesses. Our goal is to provide unique and memorable experiences designed specifically according to our clients' needs and preferences.<\/strong><\/p>\n\n\n\n<p style=\"margin-top:var(--wp--preset--spacing--60);margin-bottom:var(--wp--preset--spacing--60)\"><strong>We also provide specialized logistics services for travel agencies, offering efficient and reliable solutions tailored to their needs. Our commitment to quality and personalized attention ensures that every trip is seamless from start to finish.<\/strong><\/p>\n<\/div>\n<\/div>\n\n\n\n<div class=\"wp-block-columns\" \n     style=\"padding-top:var(--wp--preset--spacing--80);            padding-bottom:var(--wp--preset--spacing--80);            display:flex;            gap:2em var(--wp--preset--spacing--60);\"\n>\n    <div class=\"wp-block-column\" style=\"flex:1;\">\n    <figure class=\"wp-block-image size-full\"\n            style=\"aspect-ratio:1\/1;overflow:hidden;\">\n      <img decoding=\"async\"\n          src=\"https:\/\/mexicovolcanoes.com\/wp-content\/uploads\/2025\/08\/img_7967-YZ9nE52MXqTX74WK.jpg\" \n          alt=\"Expedition image\" \n          class=\"wp-image\"\n          style=\"width:100%;height:100%;object-fit:cover;object-position:center;display:block;\"\n      >\n    <\/figure>\n  <\/div>\n    <div class=\"wp-block-column\" style=\"flex:1;\">\n    <figure class=\"wp-block-image size-full\"\n            style=\"aspect-ratio:1\/1;overflow:hidden;\">\n      <img decoding=\"async\"\n          src=\"https:\/\/mexicovolcanoes.com\/wp-content\/uploads\/2025\/08\/img_5677-mP4X39Q20rFJryb2.jpg\" \n          alt=\"Expedition image\" \n          class=\"wp-image\"\n          style=\"width:100%;height:100%;object-fit:cover;object-position:center;display:block;\"\n      >\n    <\/figure>\n  <\/div>\n    <div class=\"wp-block-column\" style=\"flex:1;\">\n    <figure class=\"wp-block-image size-full\"\n            style=\"aspect-ratio:1\/1;overflow:hidden;\">\n      <img decoding=\"async\"\n          src=\"https:\/\/mexicovolcanoes.com\/wp-content\/uploads\/2025\/08\/img_6150-YrD66eLE40s4Q9gn.jpg\" \n          alt=\"Expedition image\" \n          class=\"wp-image\"\n          style=\"width:100%;height:100%;object-fit:cover;object-position:center;display:block;\"\n      >\n    <\/figure>\n  <\/div>\n    <div class=\"wp-block-column\" style=\"flex:1;\">\n    <figure class=\"wp-block-image size-full\"\n            style=\"aspect-ratio:1\/1;overflow:hidden;\">\n      <img decoding=\"async\"\n          src=\"https:\/\/mexicovolcanoes.com\/wp-content\/uploads\/2025\/08\/gopr6271-m2Wb8NnDwNF209Bg.jpg\" \n          alt=\"Expedition image\" \n          class=\"wp-image\"\n          style=\"width:100%;height:100%;object-fit:cover;object-position:center;display:block;\"\n      >\n    <\/figure>\n  <\/div>\n  <\/div>","protected":false},"excerpt":{"rendered":"<p>Nos especializamos en la creaci\u00f3n de viajes personalizados, adaptados tanto para familias como para empresas. Nuestro objetivo es brindar experiencias \u00fanicas y memorables, dise\u00f1adas espec\u00edficamente seg\u00fan las necesidades y preferencias de nuestros clientes. Adem\u00e1s, ofrecemos servicios de log\u00edstica especializados para agencias de viaje, brindando soluciones eficientes y confiables para sus necesidades. Ofrecemos un servicio de [&hellip;]<\/p>","protected":false},"author":2,"featured_media":0,"parent":0,"menu_order":0,"comment_status":"closed","ping_status":"closed","template":"","meta":{"footnotes":""},"class_list":["post-1059","page","type-page","status-publish","hentry"],"_hostinger_reach_plugin_has_subscription_block":false,"_hostinger_reach_plugin_is_elementor":false,"_links":{"self":[{"href":"https:\/\/mexicovolcanoes.com\/en\/wp-json\/wp\/v2\/pages\/1059","targetHints":{"allow":["GET"]}}],"collection":[{"href":"https:\/\/mexicovolcanoes.com\/en\/wp-json\/wp\/v2\/pages"}],"about":[{"href":"https:\/\/mexicovolcanoes.com\/en\/wp-json\/wp\/v2\/types\/page"}],"author":[{"embeddable":true,"href":"https:\/\/mexicovolcanoes.com\/en\/wp-json\/wp\/v2\/users\/2"}],"replies":[{"embeddable":true,"href":"https:\/\/mexicovolcanoes.com\/en\/wp-json\/wp\/v2\/comments?post=1059"}],"version-history":[{"count":14,"href":"https:\/\/mexicovolcanoes.com\/en\/wp-json\/wp\/v2\/pages\/1059\/revisions"}],"predecessor-version":[{"id":1130,"href":"https:\/\/mexicovolcanoes.com\/en\/wp-json\/wp\/v2\/pages\/1059\/revisions\/1130"}],"wp:attachment":[{"href":"https:\/\/mexicovolcanoes.com\/en\/wp-json\/wp\/v2\/media?parent=1059"}],"curies":[{"name":"wp","href":"https:\/\/api.w.org\/{rel}","templated":true}]}}